{"id":341,"date":"2021-07-01T08:23:39","date_gmt":"2021-07-01T08:23:39","guid":{"rendered":"https:\/\/demo2wpopal.b-cdn.net\/rehomes\/?page_id=341"},"modified":"2022-04-30T15:35:56","modified_gmt":"2022-04-30T15:35:56","slug":"kontakt","status":"publish","type":"page","link":"https:\/\/albes.al\/en\/kontakt\/","title":{"rendered":"Contact Us"},"content":{"rendered":"<p>Stay in touch<\/p>\n<h2>Visit us at any time you want we are there for you at any time<\/h2>\n<h2>Central location<\/h2>\n<ul>\n<li>Sheqi i Madh, street Teodori II Muzaka, Fier<\/li>\n<li><a href=\"mailto:info@albes.al\"><br \/>\ninfo@albes.com<br \/>\n<\/a><\/li>\n<li><a href=\"tel:+355677012345\"><br \/>\n+355 67 701 2345<br \/>\n<\/a><\/li>\n<li>Every day 24\/7 at your service<\/li>\n<\/ul>\n<p><iframe title=\"%3$s\" src=\"https:\/\/maps.google.com\/maps?q=kompleksi%20albes%2Cfier&amp;t=m&amp;z=14&amp;output=embed&amp;iwloc=near\" frameborder=\"0\" marginwidth=\"0\" marginheight=\"0\" scrolling=\"no\" aria-label=\"%3$s\"><\/iframe><br \/>\nLeave a message<\/p>\n<h2>We are pleased to hear from you<\/h2>\n<form action=\"\/wp-admin\/admin-ajax.php#wpcf7-f3182-o3\" method=\"post\" novalidate=\"novalidate\" data-status=\"init\" data-trp-original-action=\"\/wp-admin\/admin-ajax.php#wpcf7-f3182-o3\"><input name=\"_wpcf7\" type=\"hidden\" value=\"3182\" \/><br \/>\n<input name=\"_wpcf7_version\" type=\"hidden\" value=\"5.4.2\" \/><br \/>\n<input name=\"_wpcf7_locale\" type=\"hidden\" value=\"en_US\" \/><br \/>\n<input name=\"_wpcf7_unit_tag\" type=\"hidden\" value=\"wpcf7-f3182-o3\" \/><br \/>\n<input name=\"_wpcf7_container_post\" type=\"hidden\" value=\"0\" \/><br \/>\n<input name=\"_wpcf7_posted_data_hash\" type=\"hidden\" value=\"\" \/><br \/>\n<input id=\"form-name\" name=\"your-name\" size=\"40\" type=\"text\" value=\"\" placeholder=\"Name\" aria-required=\"true\" aria-invalid=\"false\" \/><br \/>\n<input id=\"form-email\" name=\"your-email\" size=\"40\" type=\"email\" value=\"\" placeholder=\"Email\" aria-required=\"true\" aria-invalid=\"false\" \/><br \/>\n<input id=\"form-subject\" name=\"your-subject\" size=\"40\" type=\"text\" value=\"\" placeholder=\"Subject\" aria-invalid=\"false\" \/><br \/>\n<textarea id=\"textarea\" cols=\"40\" name=\"your-message\" rows=\"3\" placeholder=\"Message\" aria-invalid=\"false\"><\/textarea><input type=\"hidden\" name=\"trp-form-language\" value=\"en\"\/><\/form>\n<p><button type=\"submit\" value=\"Submit\">Submit<\/button><\/p>\n<figure><img decoding=\"async\" title=\"home sec 1\" src=\"https:\/\/albes.al\/wp-content\/uploads\/elementor\/thumbs\/home-sec-1-pa59bv17ihytxi4ep3a7szozl2p5j9239zaz7hai3w.jpg\" alt=\"home sec 1\" \/><\/figure>\n<h3>General Number<\/h3>\n<p>Phone: +355 67 701 2345<\/p>\n<p>Email:info@albes.al<\/p>\n<figure><img decoding=\"async\" title=\"hotel ALBES\" src=\"https:\/\/albes.al\/wp-content\/uploads\/elementor\/thumbs\/Albes110-min-p9nv0qz2mso49527zz72nod846jpowl004tk5c4ca4.jpg\" alt=\"hotel ALBES\" \/><\/figure>\n<h3>ALBES Hotel<\/h3>\n<p>Phone: +355 69 811 4500<\/p>\n<p>Email:info@albes.al<\/p>\n<figure><img decoding=\"async\" title=\"ALBES\" src=\"https:\/\/albes.al\/wp-content\/uploads\/elementor\/thumbs\/Contact-Albes-min-p9vc8gdzntvunlbg8rr33ib6qrd1vezfhmhiwo4qi4.jpg\" alt=\"ALBES Restorant\" \/><\/figure>\n<h3>ALBES Delivery<\/h3>\n<p>Phone: +355 69 811 4501<br \/>\nEmail: info@albes.al<\/p>\n<figure><img decoding=\"async\" title=\"Taxi\" src=\"https:\/\/albes.al\/wp-content\/uploads\/elementor\/thumbs\/Albes321-min-p9nv49va9fhtshxwf01piacgb769k1krhkw3xow6y4.jpg\" alt=\"Taxi\" \/><\/figure>\n<h3>ALBES TAXI Fier<\/h3>\n<p>Phone: +355 0800 3333<\/p>\n<p>Email: taxi@albes.al<\/p>\n<figure><img decoding=\"async\" title=\"Taxi\" src=\"https:\/\/albes.al\/wp-content\/uploads\/elementor\/thumbs\/Albes321-min-p9nv49va9fhtshxwf01piacgb769k1krhkw3xow6y4.jpg\" alt=\"Taxi\" \/><\/figure>\n<h3>ALBES TAXI Vlor\u00eb<\/h3>\n<p>Phone: +355 0800 2525<\/p>\n<p>Email: taxi@albes.al<\/p>","protected":false},"excerpt":{"rendered":"<p>Qendrojm\u00eb n\u00eb kontakt Na vizitoni n\u00eb cdo or\u00eb q\u00eb d\u00ebshironi ne jemi aty p\u00ebr ju n\u00eb cdo moment Vendodhja q\u00ebndrore Lagja Sheqi i Madh Rruga Teodori II Muzaka, Fier info@albes.com +355 67 701 2345 Cdo dit\u00eb 24\/7 n\u00eb sh\u00ebrbimin tuaj Lini nj\u00eb mesazh Kemi k\u00ebnaq\u00ebsin\u00eb t\u00eb d\u00ebgjojm\u00eb nga ju D\u00ebrgo General Number Phone: +355 67 &hellip; <\/p>\n<p class=\"link-more\"><a href=\"https:\/\/albes.al\/en\/kontakt\/\" class=\"more-link\">Read More <span class=\"screen-reader-text\"> &#8220;Kontakt&#8221;<\/span><\/a><\/p>","protected":false},"author":2,"featured_media":3223,"parent":0,"menu_order":0,"comment_status":"closed","ping_status":"closed","template":"page-elementor.php","meta":{"inline_featured_image":false,"footnotes":""},"class_list":["post-341","page","type-page","status-publish","has-post-thumbnail","hentry"],"_links":{"self":[{"href":"https:\/\/albes.al\/en\/wp-json\/wp\/v2\/pages\/341","targetHints":{"allow":["GET"]}}],"collection":[{"href":"https:\/\/albes.al\/en\/wp-json\/wp\/v2\/pages"}],"about":[{"href":"https:\/\/albes.al\/en\/wp-json\/wp\/v2\/types\/page"}],"author":[{"embeddable":true,"href":"https:\/\/albes.al\/en\/wp-json\/wp\/v2\/users\/2"}],"replies":[{"embeddable":true,"href":"https:\/\/albes.al\/en\/wp-json\/wp\/v2\/comments?post=341"}],"version-history":[{"count":32,"href":"https:\/\/albes.al\/en\/wp-json\/wp\/v2\/pages\/341\/revisions"}],"predecessor-version":[{"id":4345,"href":"https:\/\/albes.al\/en\/wp-json\/wp\/v2\/pages\/341\/revisions\/4345"}],"wp:featuredmedia":[{"embeddable":true,"href":"https:\/\/albes.al\/en\/wp-json\/wp\/v2\/media\/3223"}],"wp:attachment":[{"href":"https:\/\/albes.al\/en\/wp-json\/wp\/v2\/media?parent=341"}],"curies":[{"name":"wp","href":"https:\/\/api.w.org\/{rel}","templated":true}]}}