{"id":3238,"date":"2021-07-06T08:57:53","date_gmt":"2021-07-06T08:57:53","guid":{"rendered":"https:\/\/albes.al\/?page_id=3238"},"modified":"2022-04-30T15:40:20","modified_gmt":"2022-04-30T15:40:20","slug":"apliko-per-pune-albes","status":"publish","type":"page","link":"https:\/\/albes.al\/en\/apliko-per-pune-albes\/","title":{"rendered":"Karriera"},"content":{"rendered":"<h2>JOIN US<\/h2>\n<p style=\"text-align: center;\">\"Coming together is a beginning, staying together is progress and working together is success.\"<br \/>\n<strong>Be part of ALBES team.<\/strong><\/p>\n<form action=\"\/wp-admin\/admin-ajax.php#wpcf7-f3281-o3\" enctype=\"multipart\/form-data\" method=\"post\" novalidate=\"novalidate\" data-status=\"init\" data-trp-original-action=\"\/wp-admin\/admin-ajax.php#wpcf7-f3281-o3\"><input name=\"_wpcf7\" type=\"hidden\" value=\"3281\" \/><br \/>\n<input name=\"_wpcf7_version\" type=\"hidden\" value=\"5.4.2\" \/><br \/>\n<input name=\"_wpcf7_locale\" type=\"hidden\" value=\"en_US\" \/><br \/>\n<input name=\"_wpcf7_unit_tag\" type=\"hidden\" value=\"wpcf7-f3281-o3\" \/><br \/>\n<input name=\"_wpcf7_container_post\" type=\"hidden\" value=\"0\" \/><br \/>\n<input name=\"_wpcf7_posted_data_hash\" type=\"hidden\" value=\"\" \/><br \/>\n<input id=\"form-name\" name=\"your-name\" size=\"40\" type=\"text\" value=\"\" placeholder=\"Name\" aria-required=\"true\" aria-invalid=\"false\" \/><br \/>\n<input id=\"form-surname\" name=\"your-surname\" size=\"40\" type=\"text\" value=\"\" placeholder=\"Last Name\" aria-required=\"true\" aria-invalid=\"false\" \/><br \/>\n<input id=\"form-email\" name=\"your-email\" size=\"40\" type=\"email\" value=\"\" placeholder=\"Email\" aria-required=\"true\" aria-invalid=\"false\" \/><br \/>\n<input id=\"form-number\" name=\"your-number\" size=\"40\" type=\"tel\" value=\"\" placeholder=\"Phone number\" aria-invalid=\"false\" \/><br \/>\n<input id=\"form-subject\" name=\"your-subject\" size=\"40\" type=\"text\" value=\"\" placeholder=\"POSITION\" aria-required=\"true\" aria-invalid=\"false\" \/><input type=\"hidden\" name=\"trp-form-language\" value=\"en\"\/><\/form>\n<p><input id=\"form-file\" accept=\".jpg,.jpeg,.png,.gif,.pdf,.doc,.docx,.ppt,.pptx,.odt,.avi,.ogg,.m4a,.mov,.mp3,.mp4,.mpg,.wav,.wmv\" name=\"your-file\" size=\"40\" type=\"file\" aria-invalid=\"false\" \/><\/p>\n<p><button type=\"submit\" value=\"Submit\">Submit<\/button><\/p>","protected":false},"excerpt":{"rendered":"<p>BASHKOHUNI ME NE \u201cT\u00eb b\u00ebhesh pjes\u00eb e jona \u00ebsht\u00eb vet\u00ebm fillimi, t\u00eb q\u00ebndrosh \u00ebsht\u00eb progres, t\u00eb punosh me ne \u00ebsht\u00eb sukses.\u201d B\u00ebhu pjes\u00eb e skuadr\u00ebs ALBES Dergo<\/p>","protected":false},"author":2,"featured_media":3267,"parent":0,"menu_order":0,"comment_status":"closed","ping_status":"closed","template":"","meta":{"inline_featured_image":false,"footnotes":""},"class_list":["post-3238","page","type-page","status-publish","has-post-thumbnail","hentry"],"_links":{"self":[{"href":"https:\/\/albes.al\/en\/wp-json\/wp\/v2\/pages\/3238","targetHints":{"allow":["GET"]}}],"collection":[{"href":"https:\/\/albes.al\/en\/wp-json\/wp\/v2\/pages"}],"about":[{"href":"https:\/\/albes.al\/en\/wp-json\/wp\/v2\/types\/page"}],"author":[{"embeddable":true,"href":"https:\/\/albes.al\/en\/wp-json\/wp\/v2\/users\/2"}],"replies":[{"embeddable":true,"href":"https:\/\/albes.al\/en\/wp-json\/wp\/v2\/comments?post=3238"}],"version-history":[{"count":13,"href":"https:\/\/albes.al\/en\/wp-json\/wp\/v2\/pages\/3238\/revisions"}],"predecessor-version":[{"id":4346,"href":"https:\/\/albes.al\/en\/wp-json\/wp\/v2\/pages\/3238\/revisions\/4346"}],"wp:featuredmedia":[{"embeddable":true,"href":"https:\/\/albes.al\/en\/wp-json\/wp\/v2\/media\/3267"}],"wp:attachment":[{"href":"https:\/\/albes.al\/en\/wp-json\/wp\/v2\/media?parent=3238"}],"curies":[{"name":"wp","href":"https:\/\/api.w.org\/{rel}","templated":true}]}}