{"id":30,"date":"2019-10-18T03:11:42","date_gmt":"2019-10-18T03:11:42","guid":{"rendered":"https:\/\/demo2wpopal.b-cdn.net\/rehomes\/?page_id=30"},"modified":"2022-05-03T08:35:02","modified_gmt":"2022-05-03T08:35:02","slug":"sherbime","status":"publish","type":"page","link":"https:\/\/albes.al\/en\/sherbime\/","title":{"rendered":"Services"},"content":{"rendered":"<h2>Me d\u00ebshir\u00ebn p\u00ebr t\u00eb ecur p\u00ebrpara&#8230;<\/h2>\n<h3><a href=\"https:\/\/albes.al\/en\/portfolio\/albes-hotel\/\">ALBES Hotel<\/a><\/h3>\n<p>The best hotel services in Albania always dedicated to serving you.<\/p>\n<h3><a href=\"https:\/\/albes.al\/en\/portfolio\/albes-bar-restorant\/\">Bar &amp; Restaurant<\/a><\/h3>\n<p>The ideal place to enjoy a drink or meal with your friends. Welcome.<\/p>\n<h3><a href=\"https:\/\/albes.al\/en\/portfolio\/albes-karburant-lavazho\/\">Fuel Station  &amp; Car Wash<\/a><\/h3>\n<p>Quality fuel and competitive prices. With us you will find cleaning services for your vehicle.<\/p>\n<h3><a href=\"https:\/\/albes.al\/en\/portfolio\/albes-taxi-fier\/\">ALBES Taxi Fier<\/a><\/h3>\n<p>Taxi service 24 hours every day. We are always at your service only one call away.<\/p>\n<h3><a href=\"https:\/\/albes.al\/en\/portfolio\/albes-taxi-vlore\/\">ALBES Taxi Vlor\u00eb<\/a><\/h3>\n<p>Service from anywhere and anytime. Travel safely with ALBES Taxi.<\/p>\n<h3><a href=\"https:\/\/albes.al\/en\/portfolio\/minimarket-western-union-2\/\">Minimarket &amp; Western Union <\/a><\/h3>\n<p>Market 24\/7 at your service. Near us you will find Western Union and Exchange services.<\/p>\n<h3><a href=\"https:\/\/albes.al\/en\/portfolio\/sherbim-per-makina-elektrike\/\">Sherbim per Makina Elektrike<\/a><\/h3>\n<p>24 hours open at your service. You can come and charge your car at any time.<\/p>\n<h3><a href=\"https:\/\/albes.al\/en\/portfolio\/sigal\/\">ALBES &#038; SIGAL<\/a><\/h3>\n<p>ALBES exclusively brings the insurance service to your door with SIGAL<\/p>\n<h3><a href=\"https:\/\/albes.al\/en\/portfolio\/our-partners\/\">Our Partners<\/a><\/h3>\n<p>ALBES opens its arms for the best cooperation for the Fier area<\/p>","protected":false},"excerpt":{"rendered":"<p>Me d\u00ebshir\u00ebn p\u00ebr t\u00eb ecur p\u00ebrpara&#8230; ALBES Hotel Sh\u00ebrbimet m\u00eb t\u00eb mira t\u00eb hoteleris\u00eb n\u00eb Shqiperi gjithmon\u00eb t\u00eb p\u00ebrkushtuar p\u00ebr tju sh\u00ebrbyer ju. Bar &#038; Restorant Vendi ideal p\u00ebr t\u00eb shijuar nj\u00eb pije ose vakt me miqt\u00eb tuaj. Ju mir\u00ebpresim. Karburant &#038; Lavazho Karburant cil\u00ebsor dhe cmime konkuruese. Tek ne do t\u00eb gjeni sh\u00ebrbime pastrimi &hellip; <\/p>\n<p class=\"link-more\"><a href=\"https:\/\/albes.al\/en\/sherbime\/\" class=\"more-link\">Read More <span class=\"screen-reader-text\"> &#8220;Sh\u00ebrbime&#8221;<\/span><\/a><\/p>","protected":false},"author":2,"featured_media":0,"parent":0,"menu_order":0,"comment_status":"closed","ping_status":"closed","template":"page-elementor.php","meta":{"inline_featured_image":false,"footnotes":""},"class_list":["post-30","page","type-page","status-publish","hentry"],"_links":{"self":[{"href":"https:\/\/albes.al\/en\/wp-json\/wp\/v2\/pages\/30","targetHints":{"allow":["GET"]}}],"collection":[{"href":"https:\/\/albes.al\/en\/wp-json\/wp\/v2\/pages"}],"about":[{"href":"https:\/\/albes.al\/en\/wp-json\/wp\/v2\/types\/page"}],"author":[{"embeddable":true,"href":"https:\/\/albes.al\/en\/wp-json\/wp\/v2\/users\/2"}],"replies":[{"embeddable":true,"href":"https:\/\/albes.al\/en\/wp-json\/wp\/v2\/comments?post=30"}],"version-history":[{"count":57,"href":"https:\/\/albes.al\/en\/wp-json\/wp\/v2\/pages\/30\/revisions"}],"predecessor-version":[{"id":4357,"href":"https:\/\/albes.al\/en\/wp-json\/wp\/v2\/pages\/30\/revisions\/4357"}],"wp:attachment":[{"href":"https:\/\/albes.al\/en\/wp-json\/wp\/v2\/media?parent=30"}],"curies":[{"name":"wp","href":"https:\/\/api.w.org\/{rel}","templated":true}]}}