{"id":1140,"date":"2021-07-01T02:23:08","date_gmt":"2021-07-01T02:23:08","guid":{"rendered":"https:\/\/demo2wpopal.b-cdn.net\/rehomes\/?page_id=1140"},"modified":"2022-05-03T08:06:44","modified_gmt":"2022-05-03T08:06:44","slug":"rreth-nesh","status":"publish","type":"page","link":"https:\/\/albes.al\/en\/rreth-nesh\/","title":{"rendered":"About Us"},"content":{"rendered":"<h2>Over 20 years of experience<\/h2>\n<p>ALBES brings to you the revolution in service. It all started with a realistic assessment of your living needs.<\/p>\n<h4>1998<\/h4>\n<p>Established in 1998 as a family business, ALBES Complex has been one of the first large service complexes in the city of Fier.<\/p>\n<p>Positioned on a key road segment, specifically on the National Road Fier-Tirana, this complex has been for years a rest station and daily service for many citizens<\/p>\n<h4>2015<\/h4>\n<p>In 2015, ALBES Complex closed its doors by starting a 2-year period of renovation and development, with an investment cost of 3 million Euros, to reopen on June 1, 2017, as one of the most magnificent and superior services complexes in Albania.<\/p>\n<h4>2017<\/h4>\n<p>The founder of the ALBES Complex together with the Italian design studio HiddenOffice with architect Roberto Turtu have collaborated to make a vision a reality and to create a special architectural work where the sloping glass facades stand out and the multi-colored lighting with time activating sunset.<\/p>\n<p>The ALBES complex has been returned once again to be an irreplaceable meeting point for the citizens of Fier and the travelers.<\/p>\n<p>\t\t\tOur Mission<\/p>\n<h2>Q\u00ebllimi yn\u00eb p\u00ebr t\u00eb siguruar<br \/>\nprojekte cil\u00ebsore<\/h2>\n<p>\"To create a national brand that will always be community oriented to meet with full responsibility all their requirements.'<\/p>\n<h3><a href=\"#null\">Respect<\/a><\/h3>\n<p>We build our agreements on the basis of trust. Employees, partners and the community are treated with maximum respect. <\/p>\n<h3><a href=\"#null\">Innovation<\/a><\/h3>\n<p>Ne p\u00ebrpiqemi gjithmon\u00eb t\u00eb sjellim projektet t\u00eb reja dhe t&#8217;ju shtojm\u00eb vler\u00eb t\u00eb shtuar projekteve ekzistuese.<\/p>\n<h3><a href=\"#null\">Passion<\/a><\/h3>\n<p>The passion to contribute to the community and achieve success are the values that guide us in fulfilling our mission.<\/p>\n<h3><a href=\"#null\">ACCOUNTABILITY<\/a><\/h3>\n<p>We do not trade products, we trade values. Accountability and ethics guide us in our vision for the future.<\/p>\n<p>\t\t\t\t\t\t\t\t\t\t\t\t<img decoding=\"async\" width=\"770\" height=\"500\" src=\"https:\/\/albes.al\/wp-content\/uploads\/2021\/07\/albes-rreth-nesh-produkte-min.jpg\" alt=\"ALBES\" loading=\"lazy\" srcset=\"https:\/\/albes.al\/wp-content\/uploads\/2021\/07\/albes-rreth-nesh-produkte-min.jpg 770w, https:\/\/albes.al\/wp-content\/uploads\/2021\/07\/albes-rreth-nesh-produkte-min-300x195.jpg 300w, https:\/\/albes.al\/wp-content\/uploads\/2021\/07\/albes-rreth-nesh-produkte-min-768x499.jpg 768w, https:\/\/albes.al\/wp-content\/uploads\/2021\/07\/albes-rreth-nesh-produkte-min-700x455.jpg 700w\" sizes=\"auto, (max-width: 770px) 100vw, 770px\" \/>\t\t\t\t\t\t\t\t\t\t\t\t\t\t<\/p>\n<h4>\n        Quality products<br \/>\n        <\/h4>\n<p>The quality of the products we offer is our main focus. We spend a lot of time  to find  and offer you the best products on the market. Quality in products is rewarded in establishing trusting relationships with our customers, this makes us not tolerate quality.<\/p>\n<h4>\n        Absolute Security<br \/>\n        <\/h4>\n<p>With us you will find absolute security for every service we offer. A very safe place to stay, safe products that you consume near us, security for your vehicles, security in the taxi transport service, etc.<\/p>\n<p>\t\t\t\t\t\t\t\t\t\t\t\t<img decoding=\"async\" width=\"770\" height=\"500\" src=\"https:\/\/albes.al\/wp-content\/uploads\/2021\/07\/albes-rreth-1-min.jpg\" alt=\"hotel ALBES\" loading=\"lazy\" srcset=\"https:\/\/albes.al\/wp-content\/uploads\/2021\/07\/albes-rreth-1-min.jpg 770w, https:\/\/albes.al\/wp-content\/uploads\/2021\/07\/albes-rreth-1-min-300x195.jpg 300w, https:\/\/albes.al\/wp-content\/uploads\/2021\/07\/albes-rreth-1-min-768x499.jpg 768w, https:\/\/albes.al\/wp-content\/uploads\/2021\/07\/albes-rreth-1-min-700x455.jpg 700w\" sizes=\"auto, (max-width: 770px) 100vw, 770px\" \/><br \/>\n\t\t\t\t\t\t\t\t\t\t\t\t<img decoding=\"async\" width=\"770\" height=\"500\" src=\"https:\/\/albes.al\/wp-content\/uploads\/2021\/07\/albes-Rreth-nesh-klienti-min.jpg\" alt=\"ALBES\" loading=\"lazy\" srcset=\"https:\/\/albes.al\/wp-content\/uploads\/2021\/07\/albes-Rreth-nesh-klienti-min.jpg 770w, https:\/\/albes.al\/wp-content\/uploads\/2021\/07\/albes-Rreth-nesh-klienti-min-300x195.jpg 300w, https:\/\/albes.al\/wp-content\/uploads\/2021\/07\/albes-Rreth-nesh-klienti-min-768x499.jpg 768w, https:\/\/albes.al\/wp-content\/uploads\/2021\/07\/albes-Rreth-nesh-klienti-min-700x455.jpg 700w\" sizes=\"auto, (max-width: 770px) 100vw, 770px\" \/>\t\t\t\t\t\t\t\t\t\t\t\t\t\t<\/p>\n<h4>\n        Professional Service<br \/>\n        <\/h4>\n<p>The customer service center is ready to serve 24\/7, to support customers to provide information about services for Taxi, Restaurant, Hotel, etc.<\/p>\n<h4>\n        Friendly staff<br \/>\n        <\/h4>\n<p>Our staff serves you professionally and pays  the attention you deserve. Always ready to meet all your needs.<\/p>\n<p>\t\t\t\t\t\t\t\t\t\t\t\t<img decoding=\"async\" width=\"770\" height=\"500\" src=\"https:\/\/albes.al\/wp-content\/uploads\/2021\/07\/albes-rreth-3-min.jpg\" alt=\"ALBES\" loading=\"lazy\" srcset=\"https:\/\/albes.al\/wp-content\/uploads\/2021\/07\/albes-rreth-3-min.jpg 770w, https:\/\/albes.al\/wp-content\/uploads\/2021\/07\/albes-rreth-3-min-300x195.jpg 300w, https:\/\/albes.al\/wp-content\/uploads\/2021\/07\/albes-rreth-3-min-768x499.jpg 768w, https:\/\/albes.al\/wp-content\/uploads\/2021\/07\/albes-rreth-3-min-700x455.jpg 700w\" sizes=\"auto, (max-width: 770px) 100vw, 770px\" \/>\t\t\t\t\t\t\t\t\t\t\t\t\t\t<\/p>\n<h2>Join us<\/h2>\n<p style=\"text-align: center;\">\"Coming together is a beginning, staying together is progress and working together is success.\"<br \/><strong>Be part of ALBES team.<\/strong><\/p>\n<p>            <a href=\"https:\/\/albes.al\/en\/apliko-per-pune-albes\/\" role=\"button\"><br \/>\n                        Apply Now<br \/>\n                <\/a><\/p>","protected":false},"excerpt":{"rendered":"<p>Mbi 20 vite eksperienc\u00eb ALBES sjell p\u00ebr ju revolucionin n\u00eb sh\u00ebrbim. Gjith\u00e7ka filloi me vler\u00ebsimin real t\u00eb nevojave tuaja t\u00eb jetes\u00ebs. 1998 I themeluar ne vitin 1998 si nj\u00eb biznes familjar, Kompleksi ALBES ka qene nj\u00eb nder komplekset e para t\u00eb m\u00ebdha t\u00eb sh\u00ebrbimit n\u00eb qytetin e Fierit. I pozicionuar n\u00eb nj\u00eb segment rrugor kyc, &hellip; <\/p>\n<p class=\"link-more\"><a href=\"https:\/\/albes.al\/en\/rreth-nesh\/\" class=\"more-link\">Read More <span class=\"screen-reader-text\"> &#8220;Rreth nesh&#8221;<\/span><\/a><\/p>","protected":false},"author":2,"featured_media":0,"parent":0,"menu_order":0,"comment_status":"closed","ping_status":"closed","template":"page-elementor.php","meta":{"inline_featured_image":false,"footnotes":""},"class_list":["post-1140","page","type-page","status-publish","hentry"],"_links":{"self":[{"href":"https:\/\/albes.al\/en\/wp-json\/wp\/v2\/pages\/1140","targetHints":{"allow":["GET"]}}],"collection":[{"href":"https:\/\/albes.al\/en\/wp-json\/wp\/v2\/pages"}],"about":[{"href":"https:\/\/albes.al\/en\/wp-json\/wp\/v2\/types\/page"}],"author":[{"embeddable":true,"href":"https:\/\/albes.al\/en\/wp-json\/wp\/v2\/users\/2"}],"replies":[{"embeddable":true,"href":"https:\/\/albes.al\/en\/wp-json\/wp\/v2\/comments?post=1140"}],"version-history":[{"count":41,"href":"https:\/\/albes.al\/en\/wp-json\/wp\/v2\/pages\/1140\/revisions"}],"predecessor-version":[{"id":4354,"href":"https:\/\/albes.al\/en\/wp-json\/wp\/v2\/pages\/1140\/revisions\/4354"}],"wp:attachment":[{"href":"https:\/\/albes.al\/en\/wp-json\/wp\/v2\/media?parent=1140"}],"curies":[{"name":"wp","href":"https:\/\/api.w.org\/{rel}","templated":true}]}}